{"id":1324,"date":"2023-11-23T14:38:50","date_gmt":"2023-11-23T14:38:50","guid":{"rendered":"https:\/\/pansard.fr\/?page_id=1324"},"modified":"2024-02-29T00:18:23","modified_gmt":"2024-02-29T00:18:23","slug":"vente","status":"publish","type":"page","link":"https:\/\/pansard.fr\/fr\/vente","title":{"rendered":"Conditions G\u00e9n\u00e9rales de Vente"},"content":{"rendered":"\t\t<div data-elementor-type=\"wp-page\" data-elementor-id=\"1324\" class=\"elementor elementor-1324\" data-elementor-post-type=\"page\">\n\t\t\t\t\t\t<section class=\"elementor-section elementor-top-section elementor-element elementor-element-9a36ac2 elementor-section-boxed elementor-section-height-default elementor-section-height-default\" data-id=\"9a36ac2\" data-element_type=\"section\" data-e-type=\"section\" data-settings=\"{&quot;background_background&quot;:&quot;classic&quot;}\">\n\t\t\t\t\t\t\t<div class=\"elementor-background-overlay\"><\/div>\n\t\t\t\t\t\t\t<div class=\"elementor-container elementor-column-gap-default\">\n\t\t\t\t\t<div class=\"elementor-column elementor-col-100 elementor-top-column elementor-element elementor-element-1be588b\" data-id=\"1be588b\" data-element_type=\"column\" data-e-type=\"column\">\n\t\t\t<div class=\"elementor-widget-wrap elementor-element-populated\">\n\t\t\t\t\t\t<div class=\"elementor-element elementor-element-270dfe4 elementor-widget elementor-widget-heading\" data-id=\"270dfe4\" data-element_type=\"widget\" data-e-type=\"widget\" data-widget_type=\"heading.default\">\n\t\t\t\t<div class=\"elementor-widget-container\">\n\t\t\t\t\t<h2 class=\"elementor-heading-title elementor-size-default\">Mentions l\u00e9gales et Droits d'Auteur<\/h2>\t\t\t\t<\/div>\n\t\t\t\t<\/div>\n\t\t\t\t<div class=\"elementor-element elementor-element-37e7cc2 elementor-widget elementor-widget-heading\" data-id=\"37e7cc2\" data-element_type=\"widget\" data-e-type=\"widget\" data-widget_type=\"heading.default\">\n\t\t\t\t<div class=\"elementor-widget-container\">\n\t\t\t\t\t<div class=\"elementor-heading-title elementor-size-default\">Mentions l\u00e9gales et Droits d'Auteur<\/div>\t\t\t\t<\/div>\n\t\t\t\t<\/div>\n\t\t\t\t\t<\/div>\n\t\t<\/div>\n\t\t\t\t\t<\/div>\n\t\t<\/section>\n\t\t\t\t<\/div>\n\t\t","protected":false},"excerpt":{"rendered":"<p>Mentions l\u00e9gales et Droits d&rsquo;Auteur Mentions l\u00e9gales et Droits d&rsquo;Auteur<\/p>\n","protected":false},"author":1,"featured_media":0,"parent":0,"menu_order":0,"comment_status":"closed","ping_status":"closed","template":"","meta":{"footnotes":""},"class_list":["post-1324","page","type-page","status-publish","hentry"],"yoast_head":"<!-- This site is optimized with the Yoast SEO plugin v22.7 - https:\/\/yoast.com\/wordpress\/plugins\/seo\/ -->\n<title>Conditions G\u00e9n\u00e9rales de Vente -<\/title>\n<meta name=\"robots\" content=\"index, follow, max-snippet:-1, max-image-preview:large, max-video-preview:-1\" \/>\n<link rel=\"canonical\" href=\"https:\/\/pansard.fr\/fr\/vente\/\" \/>\n<meta property=\"og:locale\" content=\"fr_FR\" \/>\n<meta property=\"og:type\" content=\"article\" \/>\n<meta property=\"og:title\" content=\"Conditions G\u00e9n\u00e9rales de Vente -\" \/>\n<meta property=\"og:description\" content=\"Mentions l\u00e9gales et Droits d&rsquo;Auteur Mentions l\u00e9gales et Droits d&rsquo;Auteur\" \/>\n<meta property=\"og:url\" content=\"https:\/\/pansard.fr\/fr\/vente\/\" \/>\n<meta property=\"article:publisher\" content=\"https:\/\/www.facebook.com\/LChEd-Pansard-103487174744609\" \/>\n<meta property=\"article:modified_time\" content=\"2024-02-29T00:18:23+00:00\" \/>\n<meta property=\"og:image\" content=\"https:\/\/pansard.fr\/wp-content\/uploads\/2023\/10\/IMG_0589-819x1024.jpg\" \/>\n\t<meta property=\"og:image:width\" content=\"819\" \/>\n\t<meta property=\"og:image:height\" content=\"1024\" \/>\n\t<meta property=\"og:image:type\" content=\"image\/jpeg\" \/>\n<meta name=\"twitter:card\" content=\"summary_large_image\" \/>\n<script type=\"application\/ld+json\" class=\"yoast-schema-graph\">{\"@context\":\"https:\/\/schema.org\",\"@graph\":[{\"@type\":\"WebPage\",\"@id\":\"https:\/\/pansard.fr\/vente\",\"url\":\"https:\/\/pansard.fr\/vente\",\"name\":\"Conditions G\u00e9n\u00e9rales de Vente -\",\"isPartOf\":{\"@id\":\"https:\/\/pansard.fr\/#website\"},\"datePublished\":\"2023-11-23T14:38:50+00:00\",\"dateModified\":\"2024-02-29T00:18:23+00:00\",\"breadcrumb\":{\"@id\":\"https:\/\/pansard.fr\/vente#breadcrumb\"},\"inLanguage\":\"fr-FR\",\"potentialAction\":[{\"@type\":\"ReadAction\",\"target\":[\"https:\/\/pansard.fr\/vente\"]}]},{\"@type\":\"BreadcrumbList\",\"@id\":\"https:\/\/pansard.fr\/vente#breadcrumb\",\"itemListElement\":[{\"@type\":\"ListItem\",\"position\":1,\"name\":\"Accueil\",\"item\":\"https:\/\/pansard.fr\/\"},{\"@type\":\"ListItem\",\"position\":2,\"name\":\"Conditions G\u00e9n\u00e9rales de Vente\"}]},{\"@type\":\"WebSite\",\"@id\":\"https:\/\/pansard.fr\/#website\",\"url\":\"https:\/\/pansard.fr\/\",\"name\":\"Pansard\",\"description\":\"Artiste de l&#039;\u00e9motion\",\"publisher\":{\"@id\":\"https:\/\/pansard.fr\/#organization\"},\"alternateName\":\"Artiste Pansard\",\"potentialAction\":[{\"@type\":\"SearchAction\",\"target\":{\"@type\":\"EntryPoint\",\"urlTemplate\":\"https:\/\/pansard.fr\/?s={search_term_string}\"},\"query-input\":\"required name=search_term_string\"}],\"inLanguage\":\"fr-FR\"},{\"@type\":\"Organization\",\"@id\":\"https:\/\/pansard.fr\/#organization\",\"name\":\"Pansard Artist\",\"alternateName\":\"Peintre L\u00e9o PANSARD\",\"url\":\"https:\/\/pansard.fr\/\",\"logo\":{\"@type\":\"ImageObject\",\"inLanguage\":\"fr-FR\",\"@id\":\"https:\/\/pansard.fr\/#\/schema\/logo\/image\/\",\"url\":\"https:\/\/i0.wp.com\/pansard.fr\/wp-content\/uploads\/2022\/08\/3.png?fit=1500%2C1500&ssl=1\",\"contentUrl\":\"https:\/\/i0.wp.com\/pansard.fr\/wp-content\/uploads\/2022\/08\/3.png?fit=1500%2C1500&ssl=1\",\"width\":1500,\"height\":1500,\"caption\":\"Pansard Artist\"},\"image\":{\"@id\":\"https:\/\/pansard.fr\/#\/schema\/logo\/image\/\"},\"sameAs\":[\"https:\/\/www.facebook.com\/LChEd-Pansard-103487174744609\",\"https:\/\/www.instagram.com\/lched_pansard\/\"]}]}<\/script>\n<!-- \/ Yoast SEO plugin. -->","yoast_head_json":{"title":"Conditions G\u00e9n\u00e9rales de Vente -","robots":{"index":"index","follow":"follow","max-snippet":"max-snippet:-1","max-image-preview":"max-image-preview:large","max-video-preview":"max-video-preview:-1"},"canonical":"https:\/\/pansard.fr\/fr\/vente\/","og_locale":"fr_FR","og_type":"article","og_title":"Conditions G\u00e9n\u00e9rales de Vente -","og_description":"Mentions l\u00e9gales et Droits d&rsquo;Auteur Mentions l\u00e9gales et Droits d&rsquo;Auteur","og_url":"https:\/\/pansard.fr\/fr\/vente\/","article_publisher":"https:\/\/www.facebook.com\/LChEd-Pansard-103487174744609","article_modified_time":"2024-02-29T00:18:23+00:00","og_image":[{"width":819,"height":1024,"url":"https:\/\/pansard.fr\/wp-content\/uploads\/2023\/10\/IMG_0589-819x1024.jpg","type":"image\/jpeg"}],"twitter_card":"summary_large_image","schema":{"@context":"https:\/\/schema.org","@graph":[{"@type":"WebPage","@id":"https:\/\/pansard.fr\/vente","url":"https:\/\/pansard.fr\/vente","name":"Conditions G\u00e9n\u00e9rales de Vente -","isPartOf":{"@id":"https:\/\/pansard.fr\/#website"},"datePublished":"2023-11-23T14:38:50+00:00","dateModified":"2024-02-29T00:18:23+00:00","breadcrumb":{"@id":"https:\/\/pansard.fr\/vente#breadcrumb"},"inLanguage":"fr-FR","potentialAction":[{"@type":"ReadAction","target":["https:\/\/pansard.fr\/vente"]}]},{"@type":"BreadcrumbList","@id":"https:\/\/pansard.fr\/vente#breadcrumb","itemListElement":[{"@type":"ListItem","position":1,"name":"Accueil","item":"https:\/\/pansard.fr\/"},{"@type":"ListItem","position":2,"name":"Conditions G\u00e9n\u00e9rales de Vente"}]},{"@type":"WebSite","@id":"https:\/\/pansard.fr\/#website","url":"https:\/\/pansard.fr\/","name":"Pansard","description":"Artiste de l&#039;\u00e9motion","publisher":{"@id":"https:\/\/pansard.fr\/#organization"},"alternateName":"Artiste Pansard","potentialAction":[{"@type":"SearchAction","target":{"@type":"EntryPoint","urlTemplate":"https:\/\/pansard.fr\/?s={search_term_string}"},"query-input":"required name=search_term_string"}],"inLanguage":"fr-FR"},{"@type":"Organization","@id":"https:\/\/pansard.fr\/#organization","name":"Pansard Artist","alternateName":"Peintre L\u00e9o PANSARD","url":"https:\/\/pansard.fr\/","logo":{"@type":"ImageObject","inLanguage":"fr-FR","@id":"https:\/\/pansard.fr\/#\/schema\/logo\/image\/","url":"https:\/\/i0.wp.com\/pansard.fr\/wp-content\/uploads\/2022\/08\/3.png?fit=1500%2C1500&ssl=1","contentUrl":"https:\/\/i0.wp.com\/pansard.fr\/wp-content\/uploads\/2022\/08\/3.png?fit=1500%2C1500&ssl=1","width":1500,"height":1500,"caption":"Pansard Artist"},"image":{"@id":"https:\/\/pansard.fr\/#\/schema\/logo\/image\/"},"sameAs":["https:\/\/www.facebook.com\/LChEd-Pansard-103487174744609","https:\/\/www.instagram.com\/lched_pansard\/"]}]}},"_links":{"self":[{"href":"https:\/\/pansard.fr\/fr\/wp-json\/wp\/v2\/pages\/1324","targetHints":{"allow":["GET"]}}],"collection":[{"href":"https:\/\/pansard.fr\/fr\/wp-json\/wp\/v2\/pages"}],"about":[{"href":"https:\/\/pansard.fr\/fr\/wp-json\/wp\/v2\/types\/page"}],"author":[{"embeddable":true,"href":"https:\/\/pansard.fr\/fr\/wp-json\/wp\/v2\/users\/1"}],"replies":[{"embeddable":true,"href":"https:\/\/pansard.fr\/fr\/wp-json\/wp\/v2\/comments?post=1324"}],"version-history":[{"count":2,"href":"https:\/\/pansard.fr\/fr\/wp-json\/wp\/v2\/pages\/1324\/revisions"}],"predecessor-version":[{"id":1554,"href":"https:\/\/pansard.fr\/fr\/wp-json\/wp\/v2\/pages\/1324\/revisions\/1554"}],"wp:attachment":[{"href":"https:\/\/pansard.fr\/fr\/wp-json\/wp\/v2\/media?parent=1324"}],"curies":[{"name":"wp","href":"https:\/\/api.w.org\/{rel}","templated":true}]}}