{"id":908,"date":"2024-02-28T23:52:21","date_gmt":"2024-02-28T23:52:21","guid":{"rendered":"https:\/\/pansard.fr\/?page_id=908"},"modified":"2024-02-29T00:16:25","modified_gmt":"2024-02-29T00:16:25","slug":"mentions","status":"publish","type":"page","link":"https:\/\/pansard.fr\/en\/mentions","title":{"rendered":"mentions"},"content":{"rendered":"<div data-elementor-type=\"wp-page\" data-elementor-id=\"908\" class=\"elementor elementor-908\" data-elementor-post-type=\"page\">\n\t\t\t\t\t\t<section class=\"elementor-section elementor-top-section elementor-element elementor-element-1f5bcd5f elementor-section-boxed elementor-section-height-default elementor-section-height-default\" data-id=\"1f5bcd5f\" data-element_type=\"section\" data-e-type=\"section\" data-settings=\"{&quot;background_background&quot;:&quot;classic&quot;}\">\n\t\t\t\t\t\t\t<div class=\"elementor-background-overlay\"><\/div>\n\t\t\t\t\t\t\t<div class=\"elementor-container elementor-column-gap-default\">\n\t\t\t\t\t<div class=\"elementor-column elementor-col-100 elementor-top-column elementor-element elementor-element-1fc1ab52\" data-id=\"1fc1ab52\" data-element_type=\"column\" data-e-type=\"column\">\n\t\t\t<div class=\"elementor-widget-wrap elementor-element-populated\">\n\t\t\t\t\t\t<div class=\"elementor-element elementor-element-37bdd3bf elementor-widget elementor-widget-heading\" data-id=\"37bdd3bf\" data-element_type=\"widget\" data-e-type=\"widget\" data-widget_type=\"heading.default\">\n\t\t\t\t<div class=\"elementor-widget-container\">\n\t\t\t\t\t<h2 class=\"elementor-heading-title elementor-size-default\">Mentions l\u00e9gales et Droits d'Auteur<\/h2>\t\t\t\t<\/div>\n\t\t\t\t<\/div>\n\t\t\t\t<div class=\"elementor-element elementor-element-35997d58 elementor-widget elementor-widget-heading\" data-id=\"35997d58\" data-element_type=\"widget\" data-e-type=\"widget\" data-widget_type=\"heading.default\">\n\t\t\t\t<div class=\"elementor-widget-container\">\n\t\t\t\t\t<div class=\"elementor-heading-title elementor-size-default\">Mentions l\u00e9gales et Droits d'Auteur<\/div>\t\t\t\t<\/div>\n\t\t\t\t<\/div>\n\t\t\t\t\t<\/div>\n\t\t<\/div>\n\t\t\t\t\t<\/div>\n\t\t<\/section>\n\t\t\t\t<section class=\"elementor-section elementor-top-section elementor-element elementor-element-45836a60 elementor-section-content-middle elementor-section-boxed elementor-section-height-default elementor-section-height-default\" data-id=\"45836a60\" data-element_type=\"section\" data-e-type=\"section\">\n\t\t\t\t\t\t<div class=\"elementor-container elementor-column-gap-no\">\n\t\t\t\t\t<div class=\"elementor-column elementor-col-100 elementor-top-column elementor-element elementor-element-22158ac5\" data-id=\"22158ac5\" data-element_type=\"column\" data-e-type=\"column\">\n\t\t\t<div class=\"elementor-widget-wrap elementor-element-populated\">\n\t\t\t\t\t\t<div class=\"elementor-element elementor-element-6704951 elementor-widget elementor-widget-text-editor\" data-id=\"6704951\" data-element_type=\"widget\" data-e-type=\"widget\" data-widget_type=\"text-editor.default\">\n\t\t\t\t<div class=\"elementor-widget-container\">\n\t\t\t\t\t\t\t\t\t<p>Mentions l\u00e9gales et Droits d&rsquo;Auteur<\/p><p>Ce site internet, accessible \u00e0 l&rsquo;adresse www.pansard.fr, est la propri\u00e9t\u00e9 de MAISON PANSARD, immatricul\u00e9e au Registre du Commerce et des Soci\u00e9t\u00e9s de Nice sous le num\u00e9ro SIRET 89796395500017 et identifi\u00e9e par le num\u00e9ro d&rsquo;\u00e9tablissement (NIC) 00017. Son si\u00e8ge social est situ\u00e9 au 25 Rue Assalit, 06000 Nice.<\/p><p>Tous les contenus pr\u00e9sents sur ce site, y compris mais sans s&rsquo;y limiter, les textes, les images, les logos, les vid\u00e9os, les \u00e9l\u00e9ments graphiques et sonores, sont prot\u00e9g\u00e9s par les lois sur le droit d&rsquo;auteur et la propri\u00e9t\u00e9 intellectuelle. Toute reproduction, distribution, modification ou utilisation de ces contenus, sans l&rsquo;autorisation pr\u00e9alable \u00e9crite de MAISON PANSARD, est strictement interdite et peut entra\u00eener des poursuites judiciaires.<\/p><p>Les marques et logos utilis\u00e9s sur ce site sont la propri\u00e9t\u00e9 de MAISON PANSARD ou de tiers ayant autoris\u00e9 leur utilisation. Toute reproduction ou repr\u00e9sentation de ces marques ou logos, en tout ou en partie, sans autorisation pr\u00e9alable \u00e9crite, est prohib\u00e9e et constituerait une contrefa\u00e7on engageant la responsabilit\u00e9 de son auteur.<\/p><p>Les informations fournies sur ce site sont pr\u00e9sent\u00e9es \u00e0 titre informatif uniquement et ne sauraient engager la responsabilit\u00e9 de MAISON PANSARD quant \u00e0 leur exactitude, leur exhaustivit\u00e9 ou leur actualit\u00e9. MAISON PANSARD se r\u00e9serve le droit de modifier, d&rsquo;ajouter ou de supprimer des informations sur ce site sans pr\u00e9avis.<\/p><p>En naviguant sur ce site, l&rsquo;utilisateur reconna\u00eet accepter les pr\u00e9sentes mentions l\u00e9gales et s&rsquo;engage \u00e0 les respecter. En cas de non-respect de ces mentions l\u00e9gales, MAISON PANSARD se r\u00e9serve le droit d&rsquo;engager des poursuites judiciaires appropri\u00e9es.<\/p><p>Pour toute question ou demande d&rsquo;autorisation concernant l&rsquo;utilisation de contenus pr\u00e9sents sur ce site, veuillez contacter MAISON PANSARD \u00e0 l&rsquo;adresse suivante :<br \/>MAISON PANSARD<br \/>25 Rue Assalit<br \/>06000 Nice<\/p><p>Derni\u00e8re mise \u00e0 jour : [ins\u00e9rer la date de la derni\u00e8re mise \u00e0 jour du site]<\/p>\t\t\t\t\t\t\t\t<\/div>\n\t\t\t\t<\/div>\n\t\t\t\t\t<\/div>\n\t\t<\/div>\n\t\t\t\t\t<\/div>\n\t\t<\/section>\n\t\t\t\t<\/div>","protected":false},"excerpt":{"rendered":"<p>Mentions l\u00e9gales et Droits d&rsquo;Auteur Mentions l\u00e9gales et Droits d&rsquo;Auteur Mentions l\u00e9gales et Droits d&rsquo;Auteur Ce site internet, accessible \u00e0 l&rsquo;adresse www.pansard.fr, est la propri\u00e9t\u00e9 de MAISON PANSARD, immatricul\u00e9e au Registre du Commerce et des Soci\u00e9t\u00e9s de Nice sous le num\u00e9ro SIRET 89796395500017 et identifi\u00e9e par le num\u00e9ro d&rsquo;\u00e9tablissement (NIC) 00017. Son si\u00e8ge social est [&hellip;]<\/p>","protected":false},"author":1,"featured_media":0,"parent":0,"menu_order":0,"comment_status":"closed","ping_status":"closed","template":"","meta":{"footnotes":""},"class_list":["post-908","page","type-page","status-publish","hentry"],"yoast_head":"<!-- This site is optimized with the Yoast SEO plugin v22.7 - https:\/\/yoast.com\/wordpress\/plugins\/seo\/ -->\n<title>mentions -<\/title>\n<meta name=\"robots\" content=\"index, follow, max-snippet:-1, max-image-preview:large, max-video-preview:-1\" \/>\n<link rel=\"canonical\" href=\"https:\/\/pansard.fr\/en\/mentions\/\" \/>\n<meta property=\"og:locale\" content=\"en_GB\" \/>\n<meta property=\"og:type\" content=\"article\" \/>\n<meta property=\"og:title\" content=\"mentions -\" \/>\n<meta property=\"og:description\" content=\"Mentions l\u00e9gales et Droits d&rsquo;Auteur Mentions l\u00e9gales et Droits d&rsquo;Auteur Mentions l\u00e9gales et Droits d&rsquo;Auteur Ce site internet, accessible \u00e0 l&rsquo;adresse www.pansard.fr, est la propri\u00e9t\u00e9 de MAISON PANSARD, immatricul\u00e9e au Registre du Commerce et des Soci\u00e9t\u00e9s de Nice sous le num\u00e9ro SIRET 89796395500017 et identifi\u00e9e par le num\u00e9ro d&rsquo;\u00e9tablissement (NIC) 00017. Son si\u00e8ge social est [&hellip;]\" \/>\n<meta property=\"og:url\" content=\"https:\/\/pansard.fr\/en\/mentions\/\" \/>\n<meta property=\"article:publisher\" content=\"https:\/\/www.facebook.com\/LChEd-Pansard-103487174744609\" \/>\n<meta property=\"article:modified_time\" content=\"2024-02-29T00:16:25+00:00\" \/>\n<meta property=\"og:image\" content=\"https:\/\/pansard.fr\/wp-content\/uploads\/2023\/10\/IMG_0589-819x1024.jpg\" \/>\n\t<meta property=\"og:image:width\" content=\"819\" \/>\n\t<meta property=\"og:image:height\" content=\"1024\" \/>\n\t<meta property=\"og:image:type\" content=\"image\/jpeg\" \/>\n<meta name=\"twitter:card\" content=\"summary_large_image\" \/>\n<meta name=\"twitter:label1\" content=\"Estimated reading time\" \/>\n\t<meta name=\"twitter:data1\" content=\"2 minutes\" \/>\n<script type=\"application\/ld+json\" class=\"yoast-schema-graph\">{\"@context\":\"https:\/\/schema.org\",\"@graph\":[{\"@type\":\"WebPage\",\"@id\":\"https:\/\/pansard.fr\/?page_id=908\",\"url\":\"https:\/\/pansard.fr\/?page_id=908\",\"name\":\"mentions -\",\"isPartOf\":{\"@id\":\"https:\/\/pansard.fr\/#website\"},\"datePublished\":\"2024-02-28T23:52:21+00:00\",\"dateModified\":\"2024-02-29T00:16:25+00:00\",\"breadcrumb\":{\"@id\":\"https:\/\/pansard.fr\/?page_id=908#breadcrumb\"},\"inLanguage\":\"en-GB\",\"potentialAction\":[{\"@type\":\"ReadAction\",\"target\":[\"https:\/\/pansard.fr\/?page_id=908\"]}]},{\"@type\":\"BreadcrumbList\",\"@id\":\"https:\/\/pansard.fr\/?page_id=908#breadcrumb\",\"itemListElement\":[{\"@type\":\"ListItem\",\"position\":1,\"name\":\"Accueil\",\"item\":\"https:\/\/pansard.fr\/\"},{\"@type\":\"ListItem\",\"position\":2,\"name\":\"Elementor #908\"}]},{\"@type\":\"WebSite\",\"@id\":\"https:\/\/pansard.fr\/#website\",\"url\":\"https:\/\/pansard.fr\/\",\"name\":\"Pansard\",\"description\":\"Artiste de l&#039;\u00e9motion\",\"publisher\":{\"@id\":\"https:\/\/pansard.fr\/#organization\"},\"alternateName\":\"Artiste Pansard\",\"potentialAction\":[{\"@type\":\"SearchAction\",\"target\":{\"@type\":\"EntryPoint\",\"urlTemplate\":\"https:\/\/pansard.fr\/?s={search_term_string}\"},\"query-input\":\"required name=search_term_string\"}],\"inLanguage\":\"en-GB\"},{\"@type\":\"Organization\",\"@id\":\"https:\/\/pansard.fr\/#organization\",\"name\":\"Pansard Artist\",\"alternateName\":\"Peintre L\u00e9o PANSARD\",\"url\":\"https:\/\/pansard.fr\/\",\"logo\":{\"@type\":\"ImageObject\",\"inLanguage\":\"en-GB\",\"@id\":\"https:\/\/pansard.fr\/#\/schema\/logo\/image\/\",\"url\":\"https:\/\/i0.wp.com\/pansard.fr\/wp-content\/uploads\/2022\/08\/3.png?fit=1500%2C1500&ssl=1\",\"contentUrl\":\"https:\/\/i0.wp.com\/pansard.fr\/wp-content\/uploads\/2022\/08\/3.png?fit=1500%2C1500&ssl=1\",\"width\":1500,\"height\":1500,\"caption\":\"Pansard Artist\"},\"image\":{\"@id\":\"https:\/\/pansard.fr\/#\/schema\/logo\/image\/\"},\"sameAs\":[\"https:\/\/www.facebook.com\/LChEd-Pansard-103487174744609\",\"https:\/\/www.instagram.com\/lched_pansard\/\"]}]}<\/script>\n<!-- \/ Yoast SEO plugin. -->","yoast_head_json":{"title":"mentions -","robots":{"index":"index","follow":"follow","max-snippet":"max-snippet:-1","max-image-preview":"max-image-preview:large","max-video-preview":"max-video-preview:-1"},"canonical":"https:\/\/pansard.fr\/en\/mentions\/","og_locale":"en_GB","og_type":"article","og_title":"mentions -","og_description":"Mentions l\u00e9gales et Droits d&rsquo;Auteur Mentions l\u00e9gales et Droits d&rsquo;Auteur Mentions l\u00e9gales et Droits d&rsquo;Auteur Ce site internet, accessible \u00e0 l&rsquo;adresse www.pansard.fr, est la propri\u00e9t\u00e9 de MAISON PANSARD, immatricul\u00e9e au Registre du Commerce et des Soci\u00e9t\u00e9s de Nice sous le num\u00e9ro SIRET 89796395500017 et identifi\u00e9e par le num\u00e9ro d&rsquo;\u00e9tablissement (NIC) 00017. Son si\u00e8ge social est [&hellip;]","og_url":"https:\/\/pansard.fr\/en\/mentions\/","article_publisher":"https:\/\/www.facebook.com\/LChEd-Pansard-103487174744609","article_modified_time":"2024-02-29T00:16:25+00:00","og_image":[{"width":819,"height":1024,"url":"https:\/\/pansard.fr\/wp-content\/uploads\/2023\/10\/IMG_0589-819x1024.jpg","type":"image\/jpeg"}],"twitter_card":"summary_large_image","twitter_misc":{"Estimated reading time":"2 minutes"},"schema":{"@context":"https:\/\/schema.org","@graph":[{"@type":"WebPage","@id":"https:\/\/pansard.fr\/?page_id=908","url":"https:\/\/pansard.fr\/?page_id=908","name":"mentions -","isPartOf":{"@id":"https:\/\/pansard.fr\/#website"},"datePublished":"2024-02-28T23:52:21+00:00","dateModified":"2024-02-29T00:16:25+00:00","breadcrumb":{"@id":"https:\/\/pansard.fr\/?page_id=908#breadcrumb"},"inLanguage":"en-GB","potentialAction":[{"@type":"ReadAction","target":["https:\/\/pansard.fr\/?page_id=908"]}]},{"@type":"BreadcrumbList","@id":"https:\/\/pansard.fr\/?page_id=908#breadcrumb","itemListElement":[{"@type":"ListItem","position":1,"name":"Accueil","item":"https:\/\/pansard.fr\/"},{"@type":"ListItem","position":2,"name":"Elementor #908"}]},{"@type":"WebSite","@id":"https:\/\/pansard.fr\/#website","url":"https:\/\/pansard.fr\/","name":"Pansard","description":"Artiste de l&#039;\u00e9motion","publisher":{"@id":"https:\/\/pansard.fr\/#organization"},"alternateName":"Artiste Pansard","potentialAction":[{"@type":"SearchAction","target":{"@type":"EntryPoint","urlTemplate":"https:\/\/pansard.fr\/?s={search_term_string}"},"query-input":"required name=search_term_string"}],"inLanguage":"en-GB"},{"@type":"Organization","@id":"https:\/\/pansard.fr\/#organization","name":"Pansard Artist","alternateName":"Peintre L\u00e9o PANSARD","url":"https:\/\/pansard.fr\/","logo":{"@type":"ImageObject","inLanguage":"en-GB","@id":"https:\/\/pansard.fr\/#\/schema\/logo\/image\/","url":"https:\/\/i0.wp.com\/pansard.fr\/wp-content\/uploads\/2022\/08\/3.png?fit=1500%2C1500&ssl=1","contentUrl":"https:\/\/i0.wp.com\/pansard.fr\/wp-content\/uploads\/2022\/08\/3.png?fit=1500%2C1500&ssl=1","width":1500,"height":1500,"caption":"Pansard Artist"},"image":{"@id":"https:\/\/pansard.fr\/#\/schema\/logo\/image\/"},"sameAs":["https:\/\/www.facebook.com\/LChEd-Pansard-103487174744609","https:\/\/www.instagram.com\/lched_pansard\/"]}]}},"_links":{"self":[{"href":"https:\/\/pansard.fr\/en\/wp-json\/wp\/v2\/pages\/908","targetHints":{"allow":["GET"]}}],"collection":[{"href":"https:\/\/pansard.fr\/en\/wp-json\/wp\/v2\/pages"}],"about":[{"href":"https:\/\/pansard.fr\/en\/wp-json\/wp\/v2\/types\/page"}],"author":[{"embeddable":true,"href":"https:\/\/pansard.fr\/en\/wp-json\/wp\/v2\/users\/1"}],"replies":[{"embeddable":true,"href":"https:\/\/pansard.fr\/en\/wp-json\/wp\/v2\/comments?post=908"}],"version-history":[{"count":17,"href":"https:\/\/pansard.fr\/en\/wp-json\/wp\/v2\/pages\/908\/revisions"}],"predecessor-version":[{"id":1600,"href":"https:\/\/pansard.fr\/en\/wp-json\/wp\/v2\/pages\/908\/revisions\/1600"}],"wp:attachment":[{"href":"https:\/\/pansard.fr\/en\/wp-json\/wp\/v2\/media?parent=908"}],"curies":[{"name":"wp","href":"https:\/\/api.w.org\/{rel}","templated":true}]}}