{"id":1497,"date":"2024-01-31T10:43:26","date_gmt":"2024-01-31T10:43:26","guid":{"rendered":"https:\/\/pansard.fr\/?page_id=1497"},"modified":"2024-02-28T23:59:58","modified_gmt":"2024-02-28T23:59:58","slug":"donne","status":"publish","type":"page","link":"https:\/\/pansard.fr\/en\/donne","title":{"rendered":"Donn\u00e9"},"content":{"rendered":"<div data-elementor-type=\"wp-page\" data-elementor-id=\"1497\" class=\"elementor elementor-1497\" data-elementor-post-type=\"page\">\n\t\t\t\t\t\t<section class=\"elementor-section elementor-top-section elementor-element elementor-element-57ea6d02 elementor-section-full_width elementor-section-height-default elementor-section-height-default\" data-id=\"57ea6d02\" data-element_type=\"section\" data-e-type=\"section\">\n\t\t\t\t\t\t<div class=\"elementor-container elementor-column-gap-default\">\n\t\t\t\t\t<div class=\"elementor-column elementor-col-50 elementor-top-column elementor-element elementor-element-41881668 elementor-invisible\" data-id=\"41881668\" data-element_type=\"column\" data-e-type=\"column\" data-settings=\"{&quot;animation&quot;:&quot;fadeIn&quot;,&quot;animation_delay&quot;:200}\">\n\t\t\t<div class=\"elementor-widget-wrap\">\n\t\t\t\t\t\t\t<\/div>\n\t\t<\/div>\n\t\t\t\t<div class=\"elementor-column elementor-col-50 elementor-top-column elementor-element elementor-element-ca89e06\" data-id=\"ca89e06\" data-element_type=\"column\" data-e-type=\"column\">\n\t\t\t<div class=\"elementor-widget-wrap elementor-element-populated\">\n\t\t\t\t\t\t<section class=\"elementor-section elementor-inner-section elementor-element elementor-element-3c9d33a elementor-section-full_width elementor-reverse-tablet elementor-reverse-mobile elementor-section-height-default elementor-section-height-default\" data-id=\"3c9d33a\" data-element_type=\"section\" data-e-type=\"section\">\n\t\t\t\t\t\t<div class=\"elementor-container elementor-column-gap-default\">\n\t\t\t\t\t<div class=\"elementor-column elementor-col-50 elementor-inner-column elementor-element elementor-element-412269b4\" data-id=\"412269b4\" data-element_type=\"column\" data-e-type=\"column\">\n\t\t\t<div class=\"elementor-widget-wrap elementor-element-populated\">\n\t\t\t\t\t\t<div class=\"elementor-element elementor-element-52251a61 hfe-nav-menu__align-left hfe-submenu-icon-arrow hfe-submenu-animation-none hfe-link-redirect-child hfe-nav-menu__breakpoint-tablet elementor-widget elementor-widget-navigation-menu\" data-id=\"52251a61\" data-element_type=\"widget\" data-e-type=\"widget\" data-settings=\"{&quot;padding_horizontal_menu_item&quot;:{&quot;unit&quot;:&quot;px&quot;,&quot;size&quot;:15,&quot;sizes&quot;:[]},&quot;padding_horizontal_menu_item_tablet&quot;:{&quot;unit&quot;:&quot;px&quot;,&quot;size&quot;:&quot;&quot;,&quot;sizes&quot;:[]},&quot;padding_horizontal_menu_item_mobile&quot;:{&quot;unit&quot;:&quot;px&quot;,&quot;size&quot;:&quot;&quot;,&quot;sizes&quot;:[]},&quot;padding_vertical_menu_item&quot;:{&quot;unit&quot;:&quot;px&quot;,&quot;size&quot;:15,&quot;sizes&quot;:[]},&quot;padding_vertical_menu_item_tablet&quot;:{&quot;unit&quot;:&quot;px&quot;,&quot;size&quot;:&quot;&quot;,&quot;sizes&quot;:[]},&quot;padding_vertical_menu_item_mobile&quot;:{&quot;unit&quot;:&quot;px&quot;,&quot;size&quot;:&quot;&quot;,&quot;sizes&quot;:[]},&quot;menu_space_between&quot;:{&quot;unit&quot;:&quot;px&quot;,&quot;size&quot;:&quot;&quot;,&quot;sizes&quot;:[]},&quot;menu_space_between_tablet&quot;:{&quot;unit&quot;:&quot;px&quot;,&quot;size&quot;:&quot;&quot;,&quot;sizes&quot;:[]},&quot;menu_space_between_mobile&quot;:{&quot;unit&quot;:&quot;px&quot;,&quot;size&quot;:&quot;&quot;,&quot;sizes&quot;:[]},&quot;menu_row_space&quot;:{&quot;unit&quot;:&quot;px&quot;,&quot;size&quot;:&quot;&quot;,&quot;sizes&quot;:[]},&quot;menu_row_space_tablet&quot;:{&quot;unit&quot;:&quot;px&quot;,&quot;size&quot;:&quot;&quot;,&quot;sizes&quot;:[]},&quot;menu_row_space_mobile&quot;:{&quot;unit&quot;:&quot;px&quot;,&quot;size&quot;:&quot;&quot;,&quot;sizes&quot;:[]},&quot;dropdown_border_radius&quot;:{&quot;unit&quot;:&quot;px&quot;,&quot;top&quot;:&quot;&quot;,&quot;right&quot;:&quot;&quot;,&quot;bottom&quot;:&quot;&quot;,&quot;left&quot;:&quot;&quot;,&quot;isLinked&quot;:true},&quot;dropdown_border_radius_tablet&quot;:{&quot;unit&quot;:&quot;px&quot;,&quot;top&quot;:&quot;&quot;,&quot;right&quot;:&quot;&quot;,&quot;bottom&quot;:&quot;&quot;,&quot;left&quot;:&quot;&quot;,&quot;isLinked&quot;:true},&quot;dropdown_border_radius_mobile&quot;:{&quot;unit&quot;:&quot;px&quot;,&quot;top&quot;:&quot;&quot;,&quot;right&quot;:&quot;&quot;,&quot;bottom&quot;:&quot;&quot;,&quot;left&quot;:&quot;&quot;,&quot;isLinked&quot;:true},&quot;width_dropdown_item&quot;:{&quot;unit&quot;:&quot;px&quot;,&quot;size&quot;:&quot;220&quot;,&quot;sizes&quot;:[]},&quot;width_dropdown_item_tablet&quot;:{&quot;unit&quot;:&quot;px&quot;,&quot;size&quot;:&quot;&quot;,&quot;sizes&quot;:[]},&quot;width_dropdown_item_mobile&quot;:{&quot;unit&quot;:&quot;px&quot;,&quot;size&quot;:&quot;&quot;,&quot;sizes&quot;:[]},&quot;padding_horizontal_dropdown_item&quot;:{&quot;unit&quot;:&quot;px&quot;,&quot;size&quot;:&quot;&quot;,&quot;sizes&quot;:[]},&quot;padding_horizontal_dropdown_item_tablet&quot;:{&quot;unit&quot;:&quot;px&quot;,&quot;size&quot;:&quot;&quot;,&quot;sizes&quot;:[]},&quot;padding_horizontal_dropdown_item_mobile&quot;:{&quot;unit&quot;:&quot;px&quot;,&quot;size&quot;:&quot;&quot;,&quot;sizes&quot;:[]},&quot;padding_vertical_dropdown_item&quot;:{&quot;unit&quot;:&quot;px&quot;,&quot;size&quot;:15,&quot;sizes&quot;:[]},&quot;padding_vertical_dropdown_item_tablet&quot;:{&quot;unit&quot;:&quot;px&quot;,&quot;size&quot;:&quot;&quot;,&quot;sizes&quot;:[]},&quot;padding_vertical_dropdown_item_mobile&quot;:{&quot;unit&quot;:&quot;px&quot;,&quot;size&quot;:&quot;&quot;,&quot;sizes&quot;:[]},&quot;distance_from_menu&quot;:{&quot;unit&quot;:&quot;px&quot;,&quot;size&quot;:&quot;&quot;,&quot;sizes&quot;:[]},&quot;distance_from_menu_tablet&quot;:{&quot;unit&quot;:&quot;px&quot;,&quot;size&quot;:&quot;&quot;,&quot;sizes&quot;:[]},&quot;distance_from_menu_mobile&quot;:{&quot;unit&quot;:&quot;px&quot;,&quot;size&quot;:&quot;&quot;,&quot;sizes&quot;:[]},&quot;toggle_size&quot;:{&quot;unit&quot;:&quot;px&quot;,&quot;size&quot;:&quot;&quot;,&quot;sizes&quot;:[]},&quot;toggle_size_tablet&quot;:{&quot;unit&quot;:&quot;px&quot;,&quot;size&quot;:&quot;&quot;,&quot;sizes&quot;:[]},&quot;toggle_size_mobile&quot;:{&quot;unit&quot;:&quot;px&quot;,&quot;size&quot;:&quot;&quot;,&quot;sizes&quot;:[]},&quot;toggle_border_width&quot;:{&quot;unit&quot;:&quot;px&quot;,&quot;size&quot;:&quot;&quot;,&quot;sizes&quot;:[]},&quot;toggle_border_width_tablet&quot;:{&quot;unit&quot;:&quot;px&quot;,&quot;size&quot;:&quot;&quot;,&quot;sizes&quot;:[]},&quot;toggle_border_width_mobile&quot;:{&quot;unit&quot;:&quot;px&quot;,&quot;size&quot;:&quot;&quot;,&quot;sizes&quot;:[]},&quot;toggle_border_radius&quot;:{&quot;unit&quot;:&quot;px&quot;,&quot;size&quot;:&quot;&quot;,&quot;sizes&quot;:[]},&quot;toggle_border_radius_tablet&quot;:{&quot;unit&quot;:&quot;px&quot;,&quot;size&quot;:&quot;&quot;,&quot;sizes&quot;:[]},&quot;toggle_border_radius_mobile&quot;:{&quot;unit&quot;:&quot;px&quot;,&quot;size&quot;:&quot;&quot;,&quot;sizes&quot;:[]}}\" data-widget_type=\"navigation-menu.default\">\n\t\t\t\t<div class=\"elementor-widget-container\">\n\t\t\t\t\t\t\t\t<div class=\"hfe-nav-menu hfe-layout-horizontal hfe-nav-menu-layout horizontal hfe-pointer__none\" data-layout=\"horizontal\">\n\t\t\t\t<div role=\"button\" class=\"hfe-nav-menu__toggle elementor-clickable\" tabindex=\"0\" aria-label=\"Menu Toggle\">\n\t\t\t\t\t<span class=\"screen-reader-text\">Menu<\/span>\n\t\t\t\t\t<div class=\"hfe-nav-menu-icon\">\n\t\t\t\t\t\t<svg aria-hidden=\"true\"  class=\"e-font-icon-svg e-fas-align-justify\" viewbox=\"0 0 448 512\" xmlns=\"http:\/\/www.w3.org\/2000\/svg\"><path d=\"M432 416H16a16 16 0 0 0-16 16v32a16 16 0 0 0 16 16h416a16 16 0 0 0 16-16v-32a16 16 0 0 0-16-16zm0-128H16a16 16 0 0 0-16 16v32a16 16 0 0 0 16 16h416a16 16 0 0 0 16-16v-32a16 16 0 0 0-16-16zm0-128H16a16 16 0 0 0-16 16v32a16 16 0 0 0 16 16h416a16 16 0 0 0 16-16v-32a16 16 0 0 0-16-16zm0-128H16A16 16 0 0 0 0 48v32a16 16 0 0 0 16 16h416a16 16 0 0 0 16-16V48a16 16 0 0 0-16-16z\"><\/path><\/svg>\t\t\t\t\t<\/div>\n\t\t\t\t<\/div>\n\t\t\t\t<nav class=\"hfe-nav-menu__layout-horizontal hfe-nav-menu__submenu-arrow\" data-toggle-icon=\"&lt;svg aria-hidden=&quot;true&quot; tabindex=&quot;0&quot; class=&quot;e-font-icon-svg e-fas-align-justify&quot; viewBox=&quot;0 0 448 512&quot; xmlns=&quot;http:\/\/www.w3.org\/2000\/svg&quot;&gt;&lt;path d=&quot;M432 416H16a16 16 0 0 0-16 16v32a16 16 0 0 0 16 16h416a16 16 0 0 0 16-16v-32a16 16 0 0 0-16-16zm0-128H16a16 16 0 0 0-16 16v32a16 16 0 0 0 16 16h416a16 16 0 0 0 16-16v-32a16 16 0 0 0-16-16zm0-128H16a16 16 0 0 0-16 16v32a16 16 0 0 0 16 16h416a16 16 0 0 0 16-16v-32a16 16 0 0 0-16-16zm0-128H16A16 16 0 0 0 0 48v32a16 16 0 0 0 16 16h416a16 16 0 0 0 16-16V48a16 16 0 0 0-16-16z&quot;&gt;&lt;\/path&gt;&lt;\/svg&gt;\" data-close-icon=\"&lt;svg aria-hidden=&quot;true&quot; tabindex=&quot;0&quot; class=&quot;e-font-icon-svg e-far-window-close&quot; viewBox=&quot;0 0 512 512&quot; xmlns=&quot;http:\/\/www.w3.org\/2000\/svg&quot;&gt;&lt;path d=&quot;M464 32H48C21.5 32 0 53.5 0 80v352c0 26.5 21.5 48 48 48h416c26.5 0 48-21.5 48-48V80c0-26.5-21.5-48-48-48zm0 394c0 3.3-2.7 6-6 6H54c-3.3 0-6-2.7-6-6V86c0-3.3 2.7-6 6-6h404c3.3 0 6 2.7 6 6v340zM356.5 194.6L295.1 256l61.4 61.4c4.6 4.6 4.6 12.1 0 16.8l-22.3 22.3c-4.6 4.6-12.1 4.6-16.8 0L256 295.1l-61.4 61.4c-4.6 4.6-12.1 4.6-16.8 0l-22.3-22.3c-4.6-4.6-4.6-12.1 0-16.8l61.4-61.4-61.4-61.4c-4.6-4.6-4.6-12.1 0-16.8l22.3-22.3c4.6-4.6 12.1-4.6 16.8 0l61.4 61.4 61.4-61.4c4.6-4.6 12.1-4.6 16.8 0l22.3 22.3c4.7 4.6 4.7 12.1 0 16.8z&quot;&gt;&lt;\/path&gt;&lt;\/svg&gt;\" data-full-width=\"yes\">\n\t\t\t\t\t<ul id=\"menu-1-52251a61\" class=\"hfe-nav-menu\"><li id=\"menu-item-1471\" class=\"menu-item menu-item-type-post_type menu-item-object-page menu-item-home parent hfe-creative-menu\"><a href=\"https:\/\/pansard.fr\/en\/\" class = \"hfe-menu-item\">Pansard<\/a><\/li>\n<li id=\"menu-item-1439\" class=\"menu-item menu-item-type-post_type menu-item-object-page parent hfe-creative-menu\"><a href=\"https:\/\/pansard.fr\/en\/projets\" class = \"hfe-menu-item\">Projets<\/a><\/li>\n<li id=\"menu-item-1607\" class=\"trp-language-switcher-container menu-item menu-item-type-post_type menu-item-object-language_switcher parent hfe-creative-menu\"><a href=\"https:\/\/pansard.fr\/fr\/wp-json\/wp\/v2\/pages\/1497\/\" class = \"hfe-menu-item\"><span data-no-translation><span class=\"trp-ls-language-name\">French<\/span><\/span><\/a><\/li>\n<\/ul> \n\t\t\t\t<\/nav>\n\t\t\t<\/div>\n\t\t\t\t\t\t\t<\/div>\n\t\t\t\t<\/div>\n\t\t\t\t\t<\/div>\n\t\t<\/div>\n\t\t\t\t<div class=\"elementor-column elementor-col-50 elementor-inner-column elementor-element elementor-element-41b90c01\" data-id=\"41b90c01\" data-element_type=\"column\" data-e-type=\"column\">\n\t\t\t<div class=\"elementor-widget-wrap\">\n\t\t\t\t\t\t\t<\/div>\n\t\t<\/div>\n\t\t\t\t\t<\/div>\n\t\t<\/section>\n\t\t\t\t\t<\/div>\n\t\t<\/div>\n\t\t\t\t\t<\/div>\n\t\t<\/section>\n\t\t\t\t<section class=\"elementor-section elementor-top-section elementor-element elementor-element-6727863 elementor-section-boxed elementor-section-height-default elementor-section-height-default\" data-id=\"6727863\" data-element_type=\"section\" data-e-type=\"section\" data-settings=\"{&quot;background_background&quot;:&quot;classic&quot;,&quot;background_motion_fx_motion_fx_scrolling&quot;:&quot;yes&quot;,&quot;background_motion_fx_scale_effect&quot;:&quot;yes&quot;,&quot;background_motion_fx_scale_speed&quot;:{&quot;unit&quot;:&quot;px&quot;,&quot;size&quot;:2,&quot;sizes&quot;:[]},&quot;background_motion_fx_scale_direction&quot;:&quot;out-in&quot;,&quot;background_motion_fx_scale_range&quot;:{&quot;unit&quot;:&quot;%&quot;,&quot;size&quot;:&quot;&quot;,&quot;sizes&quot;:{&quot;start&quot;:20,&quot;end&quot;:80}},&quot;background_motion_fx_devices&quot;:[&quot;desktop&quot;,&quot;tablet&quot;,&quot;mobile&quot;]}\">\n\t\t\t\t\t\t\t<div class=\"elementor-background-overlay\"><\/div>\n\t\t\t\t\t\t\t<div class=\"elementor-container elementor-column-gap-default\">\n\t\t\t\t\t<div class=\"elementor-column elementor-col-100 elementor-top-column elementor-element elementor-element-246b0364\" data-id=\"246b0364\" data-element_type=\"column\" data-e-type=\"column\">\n\t\t\t<div class=\"elementor-widget-wrap elementor-element-populated\">\n\t\t\t\t\t\t\t<\/div>\n\t\t<\/div>\n\t\t\t\t\t<\/div>\n\t\t<\/section>\n\t\t\t\t<section class=\"elementor-section elementor-top-section elementor-element elementor-element-1fd06c9 elementor-section-content-middle elementor-section-boxed elementor-section-height-default elementor-section-height-default\" data-id=\"1fd06c9\" data-element_type=\"section\" data-e-type=\"section\">\n\t\t\t\t\t\t<div class=\"elementor-container elementor-column-gap-no\">\n\t\t\t\t\t<div class=\"elementor-column elementor-col-100 elementor-top-column elementor-element elementor-element-3ece4e6\" data-id=\"3ece4e6\" data-element_type=\"column\" data-e-type=\"column\">\n\t\t\t<div class=\"elementor-widget-wrap elementor-element-populated\">\n\t\t\t\t\t\t<div class=\"elementor-element elementor-element-7e48731 elementor-widget elementor-widget-text-editor\" data-id=\"7e48731\" data-element_type=\"widget\" data-e-type=\"widget\" data-widget_type=\"text-editor.default\">\n\t\t\t\t<div class=\"elementor-widget-container\">\n\t\t\t\t\t\t\t\t\t<p>Protection des Donn\u00e9es Personnelles<\/p>\n<p>MAISON PANSARD attache une grande importance \u00e0 la protection de la vie priv\u00e9e et des donn\u00e9es personnelles de ses utilisateurs. En utilisant ce site internet, vous consentez \u00e0 la collecte et au traitement de vos donn\u00e9es personnelles conform\u00e9ment \u00e0 la pr\u00e9sente politique de confidentialit\u00e9.<\/p>\n<p>Les donn\u00e9es personnelles collect\u00e9es sur ce site sont trait\u00e9es de mani\u00e8re confidentielle et s\u00e9curis\u00e9e, et ne sont utilis\u00e9es que dans le cadre des finalit\u00e9s pour lesquelles elles ont \u00e9t\u00e9 collect\u00e9es. Elles peuvent \u00eatre utilis\u00e9es pour r\u00e9pondre \u00e0 vos demandes, traiter vos commandes, vous fournir des informations sur nos produits et services, ou encore am\u00e9liorer votre exp\u00e9rience utilisateur sur notre site.<\/p>\n<p>Les donn\u00e9es personnelles collect\u00e9es peuvent inclure, sans s&rsquo;y limiter, votre nom, votre adresse e-mail, votre adresse postale, votre num\u00e9ro de t\u00e9l\u00e9phone, ou toute autre information que vous choisissez de nous fournir volontairement.<\/p>\n<p>MAISON PANSARD s&rsquo;engage \u00e0 ne pas vendre, louer ou communiquer vos donn\u00e9es personnelles \u00e0 des tiers sans votre consentement pr\u00e9alable, sauf si cela est n\u00e9cessaire pour r\u00e9pondre \u00e0 une obligation l\u00e9gale ou r\u00e9glementaire.<\/p>\n<p>Conform\u00e9ment \u00e0 la r\u00e9glementation en vigueur, vous disposez d&rsquo;un droit d&rsquo;acc\u00e8s, de rectification, de suppression et de portabilit\u00e9 de vos donn\u00e9es personnelles, ainsi que d&rsquo;un droit d&rsquo;opposition et de limitation du traitement. Pour exercer ces droits ou pour toute question concernant la protection de vos donn\u00e9es personnelles, veuillez contacter MAISON PANSARD \u00e0 l&rsquo;adresse mentionn\u00e9e dans les mentions l\u00e9gales.<\/p>\n<p>En naviguant sur ce site, vous acceptez la collecte et le traitement de vos donn\u00e9es personnelles telles que d\u00e9crit ci-dessus.<\/p>\n<p>Cette politique de confidentialit\u00e9 est susceptible d&rsquo;\u00eatre mise \u00e0 jour ou modifi\u00e9e \u00e0 tout moment. Nous vous recommandons de consulter r\u00e9guli\u00e8rement cette page pour prendre connaissance des \u00e9ventuelles modifications.<\/p>\n<p>Derni\u00e8re mise \u00e0 jour : 29.02.2024<\/p>\t\t\t\t\t\t\t\t<\/div>\n\t\t\t\t<\/div>\n\t\t\t\t\t<\/div>\n\t\t<\/div>\n\t\t\t\t\t<\/div>\n\t\t<\/section>\n\t\t\t\t<\/div>","protected":false},"excerpt":{"rendered":"<p>Menu Pansard Projets French Protection des Donn\u00e9es Personnelles MAISON PANSARD attache une grande importance \u00e0 la protection de la vie priv\u00e9e et des donn\u00e9es personnelles de ses utilisateurs. En utilisant ce site internet, vous consentez \u00e0 la collecte et au traitement de vos donn\u00e9es personnelles conform\u00e9ment \u00e0 la pr\u00e9sente politique de confidentialit\u00e9. Les donn\u00e9es personnelles [&hellip;]<\/p>","protected":false},"author":1,"featured_media":0,"parent":0,"menu_order":0,"comment_status":"closed","ping_status":"closed","template":"elementor_header_footer","meta":{"footnotes":""},"class_list":["post-1497","page","type-page","status-publish","hentry"],"yoast_head":"<!-- This site is optimized with the Yoast SEO plugin v22.7 - https:\/\/yoast.com\/wordpress\/plugins\/seo\/ -->\n<title>Donn\u00e9 -<\/title>\n<meta name=\"robots\" content=\"index, follow, max-snippet:-1, max-image-preview:large, max-video-preview:-1\" \/>\n<link rel=\"canonical\" href=\"https:\/\/pansard.fr\/en\/donne\/\" \/>\n<meta property=\"og:locale\" content=\"en_GB\" \/>\n<meta property=\"og:type\" content=\"article\" \/>\n<meta property=\"og:title\" content=\"Donn\u00e9 -\" \/>\n<meta property=\"og:description\" content=\"Menu Pansard Projets French Protection des Donn\u00e9es Personnelles MAISON PANSARD attache une grande importance \u00e0 la protection de la vie priv\u00e9e et des donn\u00e9es personnelles de ses utilisateurs. En utilisant ce site internet, vous consentez \u00e0 la collecte et au traitement de vos donn\u00e9es personnelles conform\u00e9ment \u00e0 la pr\u00e9sente politique de confidentialit\u00e9. Les donn\u00e9es personnelles [&hellip;]\" \/>\n<meta property=\"og:url\" content=\"https:\/\/pansard.fr\/en\/donne\/\" \/>\n<meta property=\"article:publisher\" content=\"https:\/\/www.facebook.com\/LChEd-Pansard-103487174744609\" \/>\n<meta property=\"article:modified_time\" content=\"2024-02-28T23:59:58+00:00\" \/>\n<meta property=\"og:image\" content=\"https:\/\/pansard.fr\/wp-content\/uploads\/2023\/10\/IMG_0589-819x1024.jpg\" \/>\n\t<meta property=\"og:image:width\" content=\"819\" \/>\n\t<meta property=\"og:image:height\" content=\"1024\" \/>\n\t<meta property=\"og:image:type\" content=\"image\/jpeg\" \/>\n<meta name=\"twitter:card\" content=\"summary_large_image\" \/>\n<meta name=\"twitter:label1\" content=\"Estimated reading time\" \/>\n\t<meta name=\"twitter:data1\" content=\"2 minutes\" \/>\n<script type=\"application\/ld+json\" class=\"yoast-schema-graph\">{\"@context\":\"https:\/\/schema.org\",\"@graph\":[{\"@type\":\"WebPage\",\"@id\":\"https:\/\/pansard.fr\/donne\",\"url\":\"https:\/\/pansard.fr\/donne\",\"name\":\"Donn\u00e9 -\",\"isPartOf\":{\"@id\":\"https:\/\/pansard.fr\/#website\"},\"datePublished\":\"2024-01-31T10:43:26+00:00\",\"dateModified\":\"2024-02-28T23:59:58+00:00\",\"breadcrumb\":{\"@id\":\"https:\/\/pansard.fr\/donne#breadcrumb\"},\"inLanguage\":\"en-GB\",\"potentialAction\":[{\"@type\":\"ReadAction\",\"target\":[\"https:\/\/pansard.fr\/donne\"]}]},{\"@type\":\"BreadcrumbList\",\"@id\":\"https:\/\/pansard.fr\/donne#breadcrumb\",\"itemListElement\":[{\"@type\":\"ListItem\",\"position\":1,\"name\":\"Accueil\",\"item\":\"https:\/\/pansard.fr\/\"},{\"@type\":\"ListItem\",\"position\":2,\"name\":\"Donn\u00e9\"}]},{\"@type\":\"WebSite\",\"@id\":\"https:\/\/pansard.fr\/#website\",\"url\":\"https:\/\/pansard.fr\/\",\"name\":\"Pansard\",\"description\":\"Artiste de l&#039;\u00e9motion\",\"publisher\":{\"@id\":\"https:\/\/pansard.fr\/#organization\"},\"alternateName\":\"Artiste Pansard\",\"potentialAction\":[{\"@type\":\"SearchAction\",\"target\":{\"@type\":\"EntryPoint\",\"urlTemplate\":\"https:\/\/pansard.fr\/?s={search_term_string}\"},\"query-input\":\"required name=search_term_string\"}],\"inLanguage\":\"en-GB\"},{\"@type\":\"Organization\",\"@id\":\"https:\/\/pansard.fr\/#organization\",\"name\":\"Pansard Artist\",\"alternateName\":\"Peintre L\u00e9o PANSARD\",\"url\":\"https:\/\/pansard.fr\/\",\"logo\":{\"@type\":\"ImageObject\",\"inLanguage\":\"en-GB\",\"@id\":\"https:\/\/pansard.fr\/#\/schema\/logo\/image\/\",\"url\":\"https:\/\/i0.wp.com\/pansard.fr\/wp-content\/uploads\/2022\/08\/3.png?fit=1500%2C1500&ssl=1\",\"contentUrl\":\"https:\/\/i0.wp.com\/pansard.fr\/wp-content\/uploads\/2022\/08\/3.png?fit=1500%2C1500&ssl=1\",\"width\":1500,\"height\":1500,\"caption\":\"Pansard Artist\"},\"image\":{\"@id\":\"https:\/\/pansard.fr\/#\/schema\/logo\/image\/\"},\"sameAs\":[\"https:\/\/www.facebook.com\/LChEd-Pansard-103487174744609\",\"https:\/\/www.instagram.com\/lched_pansard\/\"]}]}<\/script>\n<!-- \/ Yoast SEO plugin. -->","yoast_head_json":{"title":"Donn\u00e9 -","robots":{"index":"index","follow":"follow","max-snippet":"max-snippet:-1","max-image-preview":"max-image-preview:large","max-video-preview":"max-video-preview:-1"},"canonical":"https:\/\/pansard.fr\/en\/donne\/","og_locale":"en_GB","og_type":"article","og_title":"Donn\u00e9 -","og_description":"Menu Pansard Projets French Protection des Donn\u00e9es Personnelles MAISON PANSARD attache une grande importance \u00e0 la protection de la vie priv\u00e9e et des donn\u00e9es personnelles de ses utilisateurs. En utilisant ce site internet, vous consentez \u00e0 la collecte et au traitement de vos donn\u00e9es personnelles conform\u00e9ment \u00e0 la pr\u00e9sente politique de confidentialit\u00e9. Les donn\u00e9es personnelles [&hellip;]","og_url":"https:\/\/pansard.fr\/en\/donne\/","article_publisher":"https:\/\/www.facebook.com\/LChEd-Pansard-103487174744609","article_modified_time":"2024-02-28T23:59:58+00:00","og_image":[{"width":819,"height":1024,"url":"https:\/\/pansard.fr\/wp-content\/uploads\/2023\/10\/IMG_0589-819x1024.jpg","type":"image\/jpeg"}],"twitter_card":"summary_large_image","twitter_misc":{"Estimated reading time":"2 minutes"},"schema":{"@context":"https:\/\/schema.org","@graph":[{"@type":"WebPage","@id":"https:\/\/pansard.fr\/donne","url":"https:\/\/pansard.fr\/donne","name":"Donn\u00e9 -","isPartOf":{"@id":"https:\/\/pansard.fr\/#website"},"datePublished":"2024-01-31T10:43:26+00:00","dateModified":"2024-02-28T23:59:58+00:00","breadcrumb":{"@id":"https:\/\/pansard.fr\/donne#breadcrumb"},"inLanguage":"en-GB","potentialAction":[{"@type":"ReadAction","target":["https:\/\/pansard.fr\/donne"]}]},{"@type":"BreadcrumbList","@id":"https:\/\/pansard.fr\/donne#breadcrumb","itemListElement":[{"@type":"ListItem","position":1,"name":"Accueil","item":"https:\/\/pansard.fr\/"},{"@type":"ListItem","position":2,"name":"Donn\u00e9"}]},{"@type":"WebSite","@id":"https:\/\/pansard.fr\/#website","url":"https:\/\/pansard.fr\/","name":"Pansard","description":"Artiste de l&#039;\u00e9motion","publisher":{"@id":"https:\/\/pansard.fr\/#organization"},"alternateName":"Artiste Pansard","potentialAction":[{"@type":"SearchAction","target":{"@type":"EntryPoint","urlTemplate":"https:\/\/pansard.fr\/?s={search_term_string}"},"query-input":"required name=search_term_string"}],"inLanguage":"en-GB"},{"@type":"Organization","@id":"https:\/\/pansard.fr\/#organization","name":"Pansard Artist","alternateName":"Peintre L\u00e9o PANSARD","url":"https:\/\/pansard.fr\/","logo":{"@type":"ImageObject","inLanguage":"en-GB","@id":"https:\/\/pansard.fr\/#\/schema\/logo\/image\/","url":"https:\/\/i0.wp.com\/pansard.fr\/wp-content\/uploads\/2022\/08\/3.png?fit=1500%2C1500&ssl=1","contentUrl":"https:\/\/i0.wp.com\/pansard.fr\/wp-content\/uploads\/2022\/08\/3.png?fit=1500%2C1500&ssl=1","width":1500,"height":1500,"caption":"Pansard Artist"},"image":{"@id":"https:\/\/pansard.fr\/#\/schema\/logo\/image\/"},"sameAs":["https:\/\/www.facebook.com\/LChEd-Pansard-103487174744609","https:\/\/www.instagram.com\/lched_pansard\/"]}]}},"_links":{"self":[{"href":"https:\/\/pansard.fr\/en\/wp-json\/wp\/v2\/pages\/1497","targetHints":{"allow":["GET"]}}],"collection":[{"href":"https:\/\/pansard.fr\/en\/wp-json\/wp\/v2\/pages"}],"about":[{"href":"https:\/\/pansard.fr\/en\/wp-json\/wp\/v2\/types\/page"}],"author":[{"embeddable":true,"href":"https:\/\/pansard.fr\/en\/wp-json\/wp\/v2\/users\/1"}],"replies":[{"embeddable":true,"href":"https:\/\/pansard.fr\/en\/wp-json\/wp\/v2\/comments?post=1497"}],"version-history":[{"count":14,"href":"https:\/\/pansard.fr\/en\/wp-json\/wp\/v2\/pages\/1497\/revisions"}],"predecessor-version":[{"id":1546,"href":"https:\/\/pansard.fr\/en\/wp-json\/wp\/v2\/pages\/1497\/revisions\/1546"}],"wp:attachment":[{"href":"https:\/\/pansard.fr\/en\/wp-json\/wp\/v2\/media?parent=1497"}],"curies":[{"name":"wp","href":"https:\/\/api.w.org\/{rel}","templated":true}]}}